{"id":75,"date":"2026-02-25T19:22:11","date_gmt":"2026-02-25T18:22:11","guid":{"rendered":"https:\/\/izylidlugoiszczesliwie.com.pl\/?page_id=75"},"modified":"2026-02-25T22:44:54","modified_gmt":"2026-02-25T21:44:54","slug":"jak-dojechac","status":"publish","type":"page","link":"https:\/\/izylidlugoiszczesliwie.com.pl\/?page_id=75","title":{"rendered":"Jak dojecha\u0107"},"content":{"rendered":"\n<div class=\"wp-block-group has-global-padding is-layout-constrained wp-block-group-is-layout-constrained\">\n<h2 class=\"wp-block-heading has-text-align-center\">\u015alub odb\u0119dzie si\u0119 w Parafii \u015awi\u0119tego \u0141ukasza Ewangelisty w Sosnowcu<\/h2>\n\n\n\n<div class=\"wp-block-superb-addons-google-maps\"><div class=\"superbaddons-google-maps-block\" style=\"border-radius:0.5%;height:300px\"><iframe loading=\"lazy\" width=\"100%\" height=\"300px\" frameborder=\"0\" margin=\"0\" padding=\"0\" referrerpolicy=\"no-referrer-when-downgrade\" src=\"https:\/\/maps.google.com\/maps?width=100%&amp;height=100%&amp;q=Radosna 52 Sosnowiec&amp;t=&amp;z=17&amp;hl=pl&amp;ie=UTF8&amp;iwloc=B&amp;output=embed\"><\/iframe><\/div><\/div>\n\n\n\n<p>Pinezka do ko\u015bcio\u0142a: <a href=\"https:\/\/maps.app.goo.gl\/kEH5gs78no8Ctau46\">https:\/\/maps.app.goo.gl\/kEH5gs78no8Ctau46<\/a> (wjazd od ulicy jesiennej)<\/p>\n\n\n\n<figure class=\"wp-block-image size-full\"><img loading=\"lazy\" decoding=\"async\" width=\"1920\" height=\"1050\" src=\"https:\/\/izylidlugoiszczesliwie.com.pl\/wp-content\/uploads\/2026\/02\/kosciol.jpg\" alt=\"\" class=\"wp-image-167\" srcset=\"https:\/\/izylidlugoiszczesliwie.com.pl\/wp-content\/uploads\/2026\/02\/kosciol.jpg 1920w, https:\/\/izylidlugoiszczesliwie.com.pl\/wp-content\/uploads\/2026\/02\/kosciol-768x420.jpg 768w, https:\/\/izylidlugoiszczesliwie.com.pl\/wp-content\/uploads\/2026\/02\/kosciol-1536x840.jpg 1536w\" sizes=\"auto, (max-width: 1920px) 100vw, 1920px\" \/><\/figure>\n\n\n\n<h2 class=\"wp-block-heading has-text-align-center\">Bawimy si\u0119 w Sali Bankietowej Zacisze w D\u0105browie G\u00f3rniczej<\/h2>\n\n\n\n<div class=\"wp-block-superb-addons-google-maps\"><div class=\"superbaddons-google-maps-block\" style=\"border-radius:0%;height:300px\"><iframe loading=\"lazy\" width=\"100%\" height=\"300px\" frameborder=\"0\" margin=\"0\" padding=\"0\" referrerpolicy=\"no-referrer-when-downgrade\" src=\"https:\/\/maps.google.com\/maps?width=100%&amp;height=100%&amp;q=Zacisze D\u0105browa&amp;t=&amp;z=16&amp;hl=en&amp;ie=UTF8&amp;iwloc=B&amp;output=embed\"><\/iframe><\/div><\/div>\n\n\n\n<p>Pinezka na sal\u0119 weseln\u0105: <a href=\"https:\/\/maps.app.goo.gl\/zqt3Y3sChDXrhEZy8\">https:\/\/maps.app.goo.gl\/zqt3Y3sChDXrhEZy8<\/a><\/p>\n\n\n\n<figure class=\"wp-block-image size-full is-resized has-custom-border is-style-default\" style=\"margin-top:0;margin-right:0;margin-bottom:0;margin-left:0\"><img loading=\"lazy\" decoding=\"async\" width=\"1024\" height=\"536\" src=\"https:\/\/izylidlugoiszczesliwie.com.pl\/wp-content\/uploads\/2026\/02\/zrob-aby-zdjecie-bylo-w-porze-dziennej-usun-samoc-1.png\" alt=\"\" class=\"wp-image-158\" style=\"border-style:none;border-width:0px;border-top-left-radius:0px;border-top-right-radius:0px;border-bottom-left-radius:0px;border-bottom-right-radius:0px;width:1200px;height:auto\" srcset=\"https:\/\/izylidlugoiszczesliwie.com.pl\/wp-content\/uploads\/2026\/02\/zrob-aby-zdjecie-bylo-w-porze-dziennej-usun-samoc-1.png 1024w, https:\/\/izylidlugoiszczesliwie.com.pl\/wp-content\/uploads\/2026\/02\/zrob-aby-zdjecie-bylo-w-porze-dziennej-usun-samoc-1-768x402.png 768w\" sizes=\"auto, (max-width: 1024px) 100vw, 1024px\" \/><\/figure>\n\n\n\n<p><\/p>\n<\/div>\n","protected":false},"excerpt":{"rendered":"<p>\u015alub odb\u0119dzie si\u0119 w Parafii \u015awi\u0119tego \u0141ukasza Ewangelisty w Sosnowcu Pinezka do ko\u015bcio\u0142a: https:\/\/maps.app.goo.gl\/kEH5gs78no8Ctau46 (wjazd od ulicy jesiennej) Bawimy si\u0119 w Sali Bankietowej Zacisze w D\u0105browie G\u00f3rniczej Pinezka na sal\u0119 weseln\u0105: https:\/\/maps.app.goo.gl\/zqt3Y3sChDXrhEZy8<\/p>\n","protected":false},"author":1,"featured_media":0,"parent":0,"menu_order":0,"comment_status":"closed","ping_status":"closed","template":"contact","meta":{"footnotes":""},"class_list":["post-75","page","type-page","status-publish","hentry"],"_links":{"self":[{"href":"https:\/\/izylidlugoiszczesliwie.com.pl\/index.php?rest_route=\/wp\/v2\/pages\/75","targetHints":{"allow":["GET"]}}],"collection":[{"href":"https:\/\/izylidlugoiszczesliwie.com.pl\/index.php?rest_route=\/wp\/v2\/pages"}],"about":[{"href":"https:\/\/izylidlugoiszczesliwie.com.pl\/index.php?rest_route=\/wp\/v2\/types\/page"}],"author":[{"embeddable":true,"href":"https:\/\/izylidlugoiszczesliwie.com.pl\/index.php?rest_route=\/wp\/v2\/users\/1"}],"replies":[{"embeddable":true,"href":"https:\/\/izylidlugoiszczesliwie.com.pl\/index.php?rest_route=%2Fwp%2Fv2%2Fcomments&post=75"}],"version-history":[{"count":17,"href":"https:\/\/izylidlugoiszczesliwie.com.pl\/index.php?rest_route=\/wp\/v2\/pages\/75\/revisions"}],"predecessor-version":[{"id":246,"href":"https:\/\/izylidlugoiszczesliwie.com.pl\/index.php?rest_route=\/wp\/v2\/pages\/75\/revisions\/246"}],"wp:attachment":[{"href":"https:\/\/izylidlugoiszczesliwie.com.pl\/index.php?rest_route=%2Fwp%2Fv2%2Fmedia&parent=75"}],"curies":[{"name":"wp","href":"https:\/\/api.w.org\/{rel}","templated":true}]}}