{"id":421,"date":"2026-02-28T09:54:11","date_gmt":"2026-02-28T08:54:11","guid":{"rendered":"https:\/\/izylidlugoiszczesliwie.com.pl\/?page_id=421"},"modified":"2026-03-25T18:55:05","modified_gmt":"2026-03-25T17:55:05","slug":"formularz-upload","status":"publish","type":"page","link":"https:\/\/izylidlugoiszczesliwie.com.pl\/?page_id=421","title":{"rendered":"Podziel si\u0119 zdj\u0119ciami"},"content":{"rendered":"\n<div class=\"forminator-guttenberg\"><div class=\"forminator-ui forminator-custom-form forminator-custom-form-434 forminator-design--default  forminator_ajax\" data-forminator-render=\"0\" data-form=\"forminator-module-434\" data-uid=\"69f0abcadf04b\"><br\/><\/div><form\n\t\t\t\tid=\"forminator-module-434\"\n\t\t\t\tclass=\"forminator-ui forminator-custom-form forminator-custom-form-434 forminator-design--default  forminator_ajax\"\n\t\t\t\tmethod=\"post\"\n\t\t\t\tdata-forminator-render=\"0\"\n\t\t\t\tdata-form-id=\"434\"\n\t\t\t\tenctype=\"multipart\/form-data\" data-color-option=\"theme\" data-design=\"default\" data-grid=\"open\" style=\"display: none;\"\n\t\t\t\tdata-uid=\"69f0abcadf04b\"\n\t\t\t><div role=\"alert\" aria-live=\"polite\" class=\"forminator-response-message forminator-error\" aria-hidden=\"true\"><\/div><div class=\"forminator-row\"><div id=\"name-1\" class=\"forminator-field-name forminator-col forminator-col-12 \"><div class=\"forminator-field\"><label for=\"forminator-field-name-1_69f0abcadf04b\" id=\"forminator-field-name-1_69f0abcadf04b-label\" class=\"forminator-label\">Podaj imi\u0119<\/label><span id=\"forminator-field-name-1_69f0abcadf04b-description\" class=\"forminator-description\">Daj nam zna\u0107 od kogo s\u0105 te zdj\u0119cia.<\/span><input type=\"text\" name=\"name-1\" value=\"\" placeholder=\"\" id=\"forminator-field-name-1_69f0abcadf04b\" class=\"forminator-input forminator-name--field\" aria-required=\"false\" autocomplete=\"name\" aria-describedby=\"forminator-field-name-1_69f0abcadf04b-description\" \/><\/div><\/div><\/div><div class=\"forminator-row\"><div id=\"upload-1\" class=\"forminator-field-upload forminator-col forminator-col-12 \"><div class=\"forminator-field\"><label for=\"forminator-field-upload-1_69f0abcadf04b\" id=\"forminator-field-upload-1_69f0abcadf04b-label\" class=\"forminator-label\">Wybierz pliki <span class=\"forminator-required\">*<\/span><\/label><div class=\"forminator-multi-upload \" data-element=\"upload-1_69f0abcadf04b\"><input type=\"file\" name=\"upload-1[]\" id=\"forminator-field-upload-1_69f0abcadf04b\" class=\"forminator-input-file-required do-validate forminator-field-upload-1_69f0abcadf04b-434\" multiple=\"multiple\" data-method=\"ajax\" accept=\".avif,.heif,.heics,.heifs,.jpg,.jpeg,.jpe,.png,.heic,.webp\" data-size=\"10000000\" data-size-message=\"Maksymalny dozwolony rozmiar pliku wynosi 10 MB. \" data-filetype=\"avif|heif|heics|heifs|jpg|jpeg|jpe|png|heic|webp\" data-filetype-message=\"rozszerzenie pliku jest niedozwolone.\"><div class=\"forminator-multi-upload-message\" aria-hidden=\"true\"><span class=\"forminator-icon-upload\" aria-hidden=\"true\"><\/span><p>Przeci\u0105gnij i upu\u015b\u0107 (lub) <a class=\"forminator-upload-file--forminator-field-upload-1_69f0abcadf04b\" href=\"#\" onclick=\"return false;\">Wybierz pliki<\/a><\/p><\/div><\/div><ul class=\"forminator-uploaded-files upload-container-upload-1_69f0abcadf04b\"><\/ul><\/div><\/div><\/div><input type=\"hidden\" name=\"referer_url\" value=\"\" \/><div class=\"forminator-row forminator-row-last\"><div class=\"forminator-col\"><div class=\"forminator-field\"><button class=\"forminator-button forminator-button-submit\">Wy\u015blij<\/button><\/div><\/div><\/div><input type=\"hidden\" id=\"forminator_nonce\" name=\"forminator_nonce\" value=\"571c3b00fe\" \/><input type=\"hidden\" name=\"_wp_http_referer\" value=\"\/index.php?rest_route=%2Fwp%2Fv2%2Fpages%2F421\" \/><input type=\"hidden\" name=\"form_id\" value=\"434\"><input type=\"hidden\" name=\"page_id\" value=\"421\"><input type=\"hidden\" name=\"form_type\" value=\"default\"><input type=\"hidden\" name=\"current_url\" value=\"https:\/\/izylidlugoiszczesliwie.com.pl\/?page_id=421\"><input type=\"hidden\" name=\"render_id\" value=\"0\"><input type=\"hidden\" name=\"forminator-multifile-hidden\" class=\"forminator-multifile-hidden\"><input type=\"hidden\" name=\"action\" value=\"forminator_submit_form_custom-forms\"><\/form><\/div>\n\n\n\n<p><\/p>\n","protected":false},"excerpt":{"rendered":"","protected":false},"author":1,"featured_media":0,"parent":0,"menu_order":0,"comment_status":"closed","ping_status":"closed","template":"","meta":{"footnotes":""},"class_list":["post-421","page","type-page","status-publish","hentry"],"_links":{"self":[{"href":"https:\/\/izylidlugoiszczesliwie.com.pl\/index.php?rest_route=\/wp\/v2\/pages\/421","targetHints":{"allow":["GET"]}}],"collection":[{"href":"https:\/\/izylidlugoiszczesliwie.com.pl\/index.php?rest_route=\/wp\/v2\/pages"}],"about":[{"href":"https:\/\/izylidlugoiszczesliwie.com.pl\/index.php?rest_route=\/wp\/v2\/types\/page"}],"author":[{"embeddable":true,"href":"https:\/\/izylidlugoiszczesliwie.com.pl\/index.php?rest_route=\/wp\/v2\/users\/1"}],"replies":[{"embeddable":true,"href":"https:\/\/izylidlugoiszczesliwie.com.pl\/index.php?rest_route=%2Fwp%2Fv2%2Fcomments&post=421"}],"version-history":[{"count":4,"href":"https:\/\/izylidlugoiszczesliwie.com.pl\/index.php?rest_route=\/wp\/v2\/pages\/421\/revisions"}],"predecessor-version":[{"id":446,"href":"https:\/\/izylidlugoiszczesliwie.com.pl\/index.php?rest_route=\/wp\/v2\/pages\/421\/revisions\/446"}],"wp:attachment":[{"href":"https:\/\/izylidlugoiszczesliwie.com.pl\/index.php?rest_route=%2Fwp%2Fv2%2Fmedia&parent=421"}],"curies":[{"name":"wp","href":"https:\/\/api.w.org\/{rel}","templated":true}]}}