{"id":222,"date":"2026-02-25T22:29:25","date_gmt":"2026-02-25T21:29:25","guid":{"rendered":"https:\/\/izylidlugoiszczesliwie.com.pl\/?page_id=222"},"modified":"2026-02-26T23:42:09","modified_gmt":"2026-02-26T22:42:09","slug":"transport","status":"publish","type":"page","link":"https:\/\/izylidlugoiszczesliwie.com.pl\/?page_id=222","title":{"rendered":"Transport"},"content":{"rendered":"\n<div class=\"wp-block-group alignfull superbthemes-navigation-004 is-layout-flow wp-block-group-is-layout-flow\" style=\"margin-top:0;margin-bottom:0\">\n<div class=\"wp-block-cover\" style=\"padding-top:0;padding-right:0;padding-bottom:var(--wp--preset--spacing--superbspacing-xxlarge);padding-left:0;min-height:525px;aspect-ratio:unset;\"><img loading=\"lazy\" decoding=\"async\" width=\"1441\" height=\"1045\" class=\"wp-block-cover__image-background wp-image-354 size-full\" alt=\"\" src=\"https:\/\/izylidlugoiszczesliwie.com.pl\/wp-content\/uploads\/2026\/02\/20250925_090020-scaled-e1772145343652.jpg\" data-object-fit=\"cover\" srcset=\"https:\/\/izylidlugoiszczesliwie.com.pl\/wp-content\/uploads\/2026\/02\/20250925_090020-scaled-e1772145343652.jpg 1441w, https:\/\/izylidlugoiszczesliwie.com.pl\/wp-content\/uploads\/2026\/02\/20250925_090020-scaled-e1772145343652-768x557.jpg 768w\" sizes=\"auto, (max-width: 1441px) 100vw, 1441px\" \/><span aria-hidden=\"true\" class=\"wp-block-cover__background has-background-dim-30 has-background-dim\" style=\"background-color:#706c61\"><\/span><div class=\"wp-block-cover__inner-container is-layout-flow wp-container-core-cover-is-layout-77d5c73c wp-block-cover-is-layout-flow\">\n<div class=\"wp-block-group has-contrast-light-color has-text-color is-layout-flow wp-block-group-is-layout-flow\"><header class=\"wp-block-template-part\">\n<div class=\"wp-block-group alignfull has-mono-4-color has-text-color has-background has-link-color wp-elements-9becef5842f78d0827af21382cd7917b has-global-padding is-content-justification-center is-layout-constrained wp-container-core-group-is-layout-92b1ec65 wp-block-group-is-layout-constrained\" style=\"border-top-style:none;border-top-width:0px;border-right-style:none;border-right-width:0px;border-bottom-color:var(--wp--preset--color--mono-3);border-bottom-width:1px;border-left-style:none;border-left-width:0px;background-color:#295e29e0;padding-top:var(--wp--preset--spacing--superbspacing-xsmall);padding-right:var(--wp--preset--spacing--superbspacing-small);padding-bottom:var(--wp--preset--spacing--superbspacing-xsmall);padding-left:var(--wp--preset--spacing--superbspacing-small)\">\n<div class=\"wp-block-columns alignwide is-not-stacked-on-mobile is-layout-flex wp-container-core-columns-is-layout-28f84493 wp-block-columns-is-layout-flex\" style=\"border-bottom-style:none;border-bottom-width:0px\">\n<div class=\"wp-block-column is-layout-flow wp-block-column-is-layout-flow\" style=\"flex-basis:240px\">\n<div class=\"wp-block-columns is-layout-flex wp-container-core-columns-is-layout-28f84493 wp-block-columns-is-layout-flex\">\n<div class=\"wp-block-column is-layout-flow wp-block-column-is-layout-flow\" style=\"flex-basis:100%\">\n<div class=\"wp-block-columns is-layout-flex wp-container-core-columns-is-layout-28f84493 wp-block-columns-is-layout-flex\">\n<div class=\"wp-block-column is-layout-flow wp-block-column-is-layout-flow\" style=\"flex-basis:100%\"><h1 class=\"has-text-align-left has-link-color wp-elements-06f84b38e1abebc8dbeed3a837f37b38 wp-block-site-title has-text-color has-white-color has-superbfont-small-font-size\">Wiktoria &amp; Kamil 23.08.2026<\/h1><\/div>\n<\/div>\n<\/div>\n<\/div>\n<\/div>\n\n\n\n<div class=\"wp-block-column is-layout-flow wp-block-column-is-layout-flow\"><nav class=\"has-text-color has-white-color has-superbfont-small-font-size is-responsive items-justified-right no-wrap wp-block-navigation is-horizontal is-content-justification-right is-nowrap is-layout-flex wp-container-core-navigation-is-layout-1912f66f wp-block-navigation-is-layout-flex has-superb-addons-overlay-menu-justification superb-addons-overlay-menu-justification-left\" aria-label=\"Navigation - Superb Addons - Theme Designer\" \n\t\t data-wp-interactive=\"core\/navigation\" data-wp-context='{\"overlayOpenedBy\":{\"click\":false,\"hover\":false,\"focus\":false},\"type\":\"overlay\",\"roleAttribute\":\"\",\"ariaLabel\":\"Menu\"}'><button aria-haspopup=\"dialog\" aria-label=\"Rozwi\u0144 menu\" class=\"wp-block-navigation__responsive-container-open\" \n\t\t\t\tdata-wp-on--click=\"actions.openMenuOnClick\"\n\t\t\t\tdata-wp-on--keydown=\"actions.handleMenuKeydown\"\n\t\t\t><svg width=\"24\" height=\"24\" xmlns=\"http:\/\/www.w3.org\/2000\/svg\" viewBox=\"0 0 24 24\" aria-hidden=\"true\" focusable=\"false\"><path d=\"M4 7.5h16v1.5H4z\"><\/path><path d=\"M4 15h16v1.5H4z\"><\/path><\/svg><\/button>\n\t\t\t\t<div class=\"wp-block-navigation__responsive-container  has-text-color has-mono-4-color has-background\" style=\"background-color: #2a5e2a\" id=\"modal-1\" \n\t\t\t\tdata-wp-class--has-modal-open=\"state.isMenuOpen\"\n\t\t\t\tdata-wp-class--is-menu-open=\"state.isMenuOpen\"\n\t\t\t\tdata-wp-watch=\"callbacks.initMenu\"\n\t\t\t\tdata-wp-on--keydown=\"actions.handleMenuKeydown\"\n\t\t\t\tdata-wp-on--focusout=\"actions.handleMenuFocusout\"\n\t\t\t\ttabindex=\"-1\"\n\t\t\t>\n\t\t\t\t\t<div class=\"wp-block-navigation__responsive-close\" tabindex=\"-1\">\n\t\t\t\t\t\t<div class=\"wp-block-navigation__responsive-dialog\" \n\t\t\t\tdata-wp-bind--aria-modal=\"state.ariaModal\"\n\t\t\t\tdata-wp-bind--aria-label=\"state.ariaLabel\"\n\t\t\t\tdata-wp-bind--role=\"state.roleAttribute\"\n\t\t\t>\n\t\t\t\t\t\t\t<button aria-label=\"Zamknij menu\" class=\"wp-block-navigation__responsive-container-close\" \n\t\t\t\tdata-wp-on--click=\"actions.closeMenuOnClick\"\n\t\t\t><svg xmlns=\"http:\/\/www.w3.org\/2000\/svg\" viewBox=\"0 0 24 24\" width=\"24\" height=\"24\" aria-hidden=\"true\" focusable=\"false\"><path d=\"m13.06 12 6.47-6.47-1.06-1.06L12 10.94 5.53 4.47 4.47 5.53 10.94 12l-6.47 6.47 1.06 1.06L12 13.06l6.47 6.47 1.06-1.06L13.06 12Z\"><\/path><\/svg><\/button>\n\t\t\t\t\t\t\t<div class=\"wp-block-navigation__responsive-container-content\" \n\t\t\t\tdata-wp-watch=\"callbacks.focusFirstElement\"\n\t\t\t id=\"modal-1-content\">\n\t\t\t\t\t\t\t\t<ul class=\"wp-block-navigation__container has-text-color has-white-color has-superbfont-small-font-size is-responsive items-justified-right no-wrap wp-block-navigation has-superbfont-small-font-size\"><li class=\"has-text-color has-white-color has-superbfont-small-font-size wp-block-navigation-item wp-block-home-link\"><a class=\"wp-block-home-link__content wp-block-navigation-item__content\" href=\"https:\/\/izylidlugoiszczesliwie.com.pl\" rel=\"home\">Strona g\u0142\u00f3wna<\/a><\/li><li class=\"has-superbfont-small-font-size wp-block-navigation-item wp-block-navigation-link\"><a class=\"wp-block-navigation-item__content\"  href=\"https:\/\/forms.office.com\/r\/Y9tTi5aWDK\"><span class=\"wp-block-navigation-item__label\">Potwierdzenie obecno\u015bci<\/span><\/a><\/li><li class=\"has-superbfont-small-font-size wp-block-navigation-item wp-block-navigation-link\"><a class=\"wp-block-navigation-item__content\"  href=\"https:\/\/izylidlugoiszczesliwie.com.pl\/?page_id=75\"><span class=\"wp-block-navigation-item__label\">Jak dojecha\u0107?<\/span><\/a><\/li><li class=\"has-superbfont-small-font-size wp-block-navigation-item wp-block-navigation-link\"><a class=\"wp-block-navigation-item__content\"  href=\"https:\/\/izylidlugoiszczesliwie.com.pl\/?page_id=222\"><span class=\"wp-block-navigation-item__label\">Transport<\/span><\/a><\/li><li class=\"has-superbfont-small-font-size wp-block-navigation-item wp-block-navigation-link\"><a class=\"wp-block-navigation-item__content\"  href=\"https:\/\/izylidlugoiszczesliwie.com.pl\/?page_id=72\"><span class=\"wp-block-navigation-item__label\">Zdj\u0119cia od go\u015bci<\/span><\/a><\/li><\/ul>\n\t\t\t\t\t\t\t<\/div>\n\t\t\t\t\t\t<\/div>\n\t\t\t\t\t<\/div>\n\t\t\t\t<\/div><\/nav><\/div>\n<\/div>\n<\/div>\n<\/header><\/div>\n\n\n\n<h2 class=\"wp-block-heading has-text-align-center has-white-color has-text-color has-link-color wp-elements-1c5d834a2a422b0ad95f1b6a3843f2e3\"><strong>Jak dojecha\u0107 ?<\/strong><\/h2>\n\n\n\n<div class=\"wp-block-group alignwide has-global-padding is-layout-constrained wp-container-core-group-is-layout-657d53b7 wp-block-group-is-layout-constrained\" style=\"padding-right:var(--wp--preset--spacing--superbspacing-small);padding-left:var(--wp--preset--spacing--superbspacing-small)\"><\/div>\n<\/div><\/div>\n<\/div>\n\n\n\n<div class=\"wp-block-group has-global-padding is-layout-constrained wp-block-group-is-layout-constrained\">\n<h2 class=\"wp-block-heading has-text-align-center has-contrast-dark-color has-text-color has-link-color wp-elements-e42184dc24fd7a474dfac1f7092a4e26\">\u015alub odb\u0119dzie si\u0119 w Parafii \u015awi\u0119tego \u0141ukasza Ewangelisty w Sosnowcu<\/h2>\n\n\n\n<div class=\"wp-block-superb-addons-google-maps\"><div class=\"superbaddons-google-maps-block\" style=\"border-radius:0.5%;height:300px\"><iframe loading=\"lazy\" width=\"100%\" height=\"300px\" frameborder=\"0\" margin=\"0\" padding=\"0\" referrerpolicy=\"no-referrer-when-downgrade\" src=\"https:\/\/maps.google.com\/maps?width=100%&amp;height=100%&amp;q=Radosna 52 Sosnowiec&amp;t=&amp;z=17&amp;hl=pl&amp;ie=UTF8&amp;iwloc=B&amp;output=embed\"><\/iframe><\/div><\/div>\n\n\n\n<p class=\"has-text-align-center\">Pinezka do ko\u015bcio\u0142a: <a href=\"https:\/\/maps.app.goo.gl\/kEH5gs78no8Ctau46\">https:\/\/maps.app.goo.gl\/kEH5gs78no8Ctau46<\/a> (wjazd od ulicy jesiennej)<\/p>\n\n\n\n<figure class=\"wp-block-image size-full\"><img loading=\"lazy\" decoding=\"async\" width=\"1920\" height=\"1050\" src=\"https:\/\/izylidlugoiszczesliwie.com.pl\/wp-content\/uploads\/2026\/02\/kosciol.jpg\" alt=\"\" class=\"wp-image-167\" srcset=\"https:\/\/izylidlugoiszczesliwie.com.pl\/wp-content\/uploads\/2026\/02\/kosciol.jpg 1920w, https:\/\/izylidlugoiszczesliwie.com.pl\/wp-content\/uploads\/2026\/02\/kosciol-768x420.jpg 768w, https:\/\/izylidlugoiszczesliwie.com.pl\/wp-content\/uploads\/2026\/02\/kosciol-1536x840.jpg 1536w\" sizes=\"auto, (max-width: 1920px) 100vw, 1920px\" \/><\/figure>\n\n\n\n<h2 class=\"wp-block-heading has-text-align-center has-mono-1-color has-text-color has-link-color wp-elements-a236cc9fd68690e29ba799181711706e\">Bawimy si\u0119 w Sali Bankietowej Zacisze w D\u0105browie G\u00f3rniczej<\/h2>\n\n\n\n<div class=\"wp-block-superb-addons-google-maps\"><div class=\"superbaddons-google-maps-block\" style=\"border-radius:0%;height:300px\"><iframe loading=\"lazy\" width=\"100%\" height=\"300px\" frameborder=\"0\" margin=\"0\" padding=\"0\" referrerpolicy=\"no-referrer-when-downgrade\" src=\"https:\/\/maps.google.com\/maps?width=100%&amp;height=100%&amp;q=Zacisze D\u0105browa&amp;t=&amp;z=16&amp;hl=en&amp;ie=UTF8&amp;iwloc=B&amp;output=embed\"><\/iframe><\/div><\/div>\n\n\n\n<p class=\"has-text-align-center\">Pinezka na sal\u0119 weseln\u0105: <a href=\"https:\/\/maps.app.goo.gl\/zqt3Y3sChDXrhEZy8\">https:\/\/maps.app.goo.gl\/zqt3Y3sChDXrhEZy8<\/a><\/p>\n\n\n\n<figure class=\"wp-block-image size-full is-resized has-custom-border is-style-default\" style=\"margin-top:var(--wp--preset--spacing--superbspacing-xsmall);margin-right:0;margin-bottom:var(--wp--preset--spacing--superbspacing-xsmall);margin-left:0\"><img loading=\"lazy\" decoding=\"async\" width=\"1024\" height=\"536\" src=\"https:\/\/izylidlugoiszczesliwie.com.pl\/wp-content\/uploads\/2026\/02\/zrob-aby-zdjecie-bylo-w-porze-dziennej-usun-samoc-1.png\" alt=\"\" class=\"wp-image-158\" style=\"border-style:none;border-width:0px;border-top-left-radius:0px;border-top-right-radius:0px;border-bottom-left-radius:0px;border-bottom-right-radius:0px;width:1449px;height:auto\" srcset=\"https:\/\/izylidlugoiszczesliwie.com.pl\/wp-content\/uploads\/2026\/02\/zrob-aby-zdjecie-bylo-w-porze-dziennej-usun-samoc-1.png 1024w, https:\/\/izylidlugoiszczesliwie.com.pl\/wp-content\/uploads\/2026\/02\/zrob-aby-zdjecie-bylo-w-porze-dziennej-usun-samoc-1-768x402.png 768w\" sizes=\"auto, (max-width: 1024px) 100vw, 1024px\" \/><\/figure>\n<\/div>\n","protected":false},"excerpt":{"rendered":"<p>\u015alub odb\u0119dzie si\u0119 w Parafii \u015awi\u0119tego \u0141ukasza Ewangelisty w Sosnowcu Pinezka do ko\u015bcio\u0142a: https:\/\/maps.app.goo.gl\/kEH5gs78no8Ctau46 (wjazd od ulicy jesiennej) Bawimy si\u0119 w Sali Bankietowej Zacisze w D\u0105browie G\u00f3rniczej Pinezka na sal\u0119 weseln\u0105: https:\/\/maps.app.goo.gl\/zqt3Y3sChDXrhEZy8<\/p>\n","protected":false},"author":1,"featured_media":0,"parent":0,"menu_order":0,"comment_status":"closed","ping_status":"closed","template":"transport","meta":{"footnotes":""},"class_list":["post-222","page","type-page","status-publish","hentry"],"_links":{"self":[{"href":"https:\/\/izylidlugoiszczesliwie.com.pl\/index.php?rest_route=\/wp\/v2\/pages\/222","targetHints":{"allow":["GET"]}}],"collection":[{"href":"https:\/\/izylidlugoiszczesliwie.com.pl\/index.php?rest_route=\/wp\/v2\/pages"}],"about":[{"href":"https:\/\/izylidlugoiszczesliwie.com.pl\/index.php?rest_route=\/wp\/v2\/types\/page"}],"author":[{"embeddable":true,"href":"https:\/\/izylidlugoiszczesliwie.com.pl\/index.php?rest_route=\/wp\/v2\/users\/1"}],"replies":[{"embeddable":true,"href":"https:\/\/izylidlugoiszczesliwie.com.pl\/index.php?rest_route=%2Fwp%2Fv2%2Fcomments&post=222"}],"version-history":[{"count":4,"href":"https:\/\/izylidlugoiszczesliwie.com.pl\/index.php?rest_route=\/wp\/v2\/pages\/222\/revisions"}],"predecessor-version":[{"id":400,"href":"https:\/\/izylidlugoiszczesliwie.com.pl\/index.php?rest_route=\/wp\/v2\/pages\/222\/revisions\/400"}],"wp:attachment":[{"href":"https:\/\/izylidlugoiszczesliwie.com.pl\/index.php?rest_route=%2Fwp%2Fv2%2Fmedia&parent=222"}],"curies":[{"name":"wp","href":"https:\/\/api.w.org\/{rel}","templated":true}]}}